{"id":5410,"date":"2024-01-23T21:31:36","date_gmt":"2024-01-23T20:31:36","guid":{"rendered":"http:\/\/192.168.10.124\/?post_type=product&#038;p=5410"},"modified":"2024-01-27T17:55:13","modified_gmt":"2024-01-27T16:55:13","slug":"ultimate-ears-boom-3","status":"publish","type":"product","link":"https:\/\/pedagogeek.eu\/woocommerce-inspecson\/produit\/ultimate-ears-boom-3\/","title":{"rendered":"Ears Boom 3"},"content":{"rendered":"<p>Le Ultimate Ears Boom 3 est une enceinte Verticale Bluetooth portable qui vous offre un son \u00e9quilibr\u00e9 \u00e0 360\u00b0, des basses profondes et une r\u00e9sistance \u00e0 toute \u00e9preuve. D&#8217;ne puissance de 30w , elle permet une \u00e9coute confortable. Que vous soyez \u00e0 la maison, \u00e0 la plage ou \u00e0 la montagne, vous pouvez profiter de votre musique sans interruption gr\u00e2ce \u00e0 sa batterie longue dur\u00e9e de 15 heures et \u00e0 sa conception \u00e9tanche et flottante. Elle peut aller sous l&#8217;eau (norme IP67). Vous pouvez \u00e9galement contr\u00f4ler votre musique d\u2019une simple pression sur le bouton magique, ou cr\u00e9er des playlists personnalis\u00e9es avec son application smartphone.<\/p>\n<p>Et si vous voulez amplifier l\u2019ambiance, vous pouvez connecter jusqu\u2019\u00e0 100 enceintes Ultimate Ears compatibles entre elles.<\/p>\n<p>Le Ultimate Ears Boom 3 est l\u2019enceinte la moins ch\u00e8re de sa cat\u00e9gorie, mais elle n\u2019a rien \u00e0 envier aux mod\u00e8les plus co\u00fbteux. Elle vous offre une qualit\u00e9 sonore exceptionnelle, une robustesse \u00e0 toute \u00e9preuve et une facilit\u00e9 d\u2019utilisation incomparable.<\/p>\n<p>Elle est livr\u00e9e avec un c\u00e2ble USB et un guide d\u2019utilisation. Elle b\u00e9n\u00e9ficie d\u2019une garantie constructeur de un an.<\/p>\n<h3>descriptif technique<\/h3>\n<div class=\"content\" tabindex=\"0\" aria-description=\"\">\n<div class=\"ac-container ac-adaptiveCard\">\n<div class=\"ac-textBlock\">\n<ul>\n<li>Son : \u00e9quilibr\u00e9 \u00e0 360\u00b0<\/li>\n<li>Puissance 30w<\/li>\n<li>Autonomie 15 heures<\/li>\n<li>Lumi\u00e8re : non<\/li>\n<li>Batterie : rechargeable, autonomie de 15 heures<\/li>\n<li>Poids : 608 g<\/li>\n<li>Dimensions : 73 x 73 x 184 mm<\/li>\n<li>Indice d\u2019\u00e9tanch\u00e9it\u00e9 : IP67\u00a0 ( poussi\u00e8re et eau)<\/li>\n<li>Connectique : micro-USB<\/li>\n<li>Connexion sans fil : Bluetooth 5.0, SBC, AAC, LDAC<\/li>\n<li>Fonction mains libres : non<\/li>\n<li>Assistant vocal : non<\/li>\n<li>Applications smartphone : oui<\/li>\n<\/ul>\n<\/div>\n<\/div>\n<\/div>\n","protected":false},"excerpt":{"rendered":"<p>Le Ultimate Ears Boom 3 est une enceinte Verticale Bluetooth portable qui offre un son \u00e9quilibr\u00e9 \u00e0 360\u00b0, des basses profondes, une r\u00e9sistance \u00e0 l\u2019eau et aux chocs, et un contr\u00f4le de la musique \u00e0 l\u2019aide d\u2019un bouton magique. Sa puissance de 30w offre une bonne qualit\u00e9 d&#8217;\u00e9coute.<\/p>\n","protected":false},"author":1,"featured_media":5411,"comment_status":"open","ping_status":"closed","template":"","meta":{"_eb_attr":"","_uag_custom_page_level_css":""},"product_brand":[],"product_cat":[236],"product_tag":[],"class_list":{"0":"post-5410","1":"product","2":"type-product","3":"status-publish","4":"has-post-thumbnail","6":"product_cat-nomades","8":"first","9":"instock","10":"taxable","11":"shipping-taxable","12":"purchasable","13":"product-type-simple"},"uagb_featured_image_src":{"full":["https:\/\/pedagogeek.eu\/woocommerce-inspecson\/wp-content\/uploads\/2024\/01\/42554817-ultimate-ears-boom-3.jpeg",1000,1000,false],"thumbnail":["https:\/\/pedagogeek.eu\/woocommerce-inspecson\/wp-content\/uploads\/2024\/01\/42554817-ultimate-ears-boom-3-150x150.jpeg",150,150,true],"medium":["https:\/\/pedagogeek.eu\/woocommerce-inspecson\/wp-content\/uploads\/2024\/01\/42554817-ultimate-ears-boom-3-300x300.jpeg",300,300,true],"medium_large":["https:\/\/pedagogeek.eu\/woocommerce-inspecson\/wp-content\/uploads\/2024\/01\/42554817-ultimate-ears-boom-3-768x768.jpeg",768,768,true],"large":["https:\/\/pedagogeek.eu\/woocommerce-inspecson\/wp-content\/uploads\/2024\/01\/42554817-ultimate-ears-boom-3.jpeg",1000,1000,false],"1536x1536":["https:\/\/pedagogeek.eu\/woocommerce-inspecson\/wp-content\/uploads\/2024\/01\/42554817-ultimate-ears-boom-3.jpeg",1000,1000,false],"2048x2048":["https:\/\/pedagogeek.eu\/woocommerce-inspecson\/wp-content\/uploads\/2024\/01\/42554817-ultimate-ears-boom-3.jpeg",1000,1000,false],"woocommerce_thumbnail":["https:\/\/pedagogeek.eu\/woocommerce-inspecson\/wp-content\/uploads\/2024\/01\/42554817-ultimate-ears-boom-3-300x300.jpeg",300,300,true],"woocommerce_single":["https:\/\/pedagogeek.eu\/woocommerce-inspecson\/wp-content\/uploads\/2024\/01\/42554817-ultimate-ears-boom-3-600x600.jpeg",600,600,true],"woocommerce_gallery_thumbnail":["https:\/\/pedagogeek.eu\/woocommerce-inspecson\/wp-content\/uploads\/2024\/01\/42554817-ultimate-ears-boom-3-100x100.jpeg",100,100,true]},"uagb_author_info":{"display_name":"patrick reynaud","author_link":"https:\/\/pedagogeek.eu\/woocommerce-inspecson\/author\/rpfe26_admin\/"},"uagb_comment_info":0,"uagb_excerpt":"Le Ultimate Ears Boom 3 est une enceinte Verticale Bluetooth portable qui offre un son \u00e9quilibr\u00e9 \u00e0 360\u00b0, des basses profondes, une r\u00e9sistance \u00e0 l\u2019eau et aux chocs, et un contr\u00f4le de la musique \u00e0 l\u2019aide d\u2019un bouton magique. Sa puissance de 30w offre une bonne qualit\u00e9 d'\u00e9coute.","_links":{"self":[{"href":"https:\/\/pedagogeek.eu\/woocommerce-inspecson\/wp-json\/wp\/v2\/product\/5410","targetHints":{"allow":["GET"]}}],"collection":[{"href":"https:\/\/pedagogeek.eu\/woocommerce-inspecson\/wp-json\/wp\/v2\/product"}],"about":[{"href":"https:\/\/pedagogeek.eu\/woocommerce-inspecson\/wp-json\/wp\/v2\/types\/product"}],"author":[{"embeddable":true,"href":"https:\/\/pedagogeek.eu\/woocommerce-inspecson\/wp-json\/wp\/v2\/users\/1"}],"replies":[{"embeddable":true,"href":"https:\/\/pedagogeek.eu\/woocommerce-inspecson\/wp-json\/wp\/v2\/comments?post=5410"}],"wp:featuredmedia":[{"embeddable":true,"href":"https:\/\/pedagogeek.eu\/woocommerce-inspecson\/wp-json\/wp\/v2\/media\/5411"}],"wp:attachment":[{"href":"https:\/\/pedagogeek.eu\/woocommerce-inspecson\/wp-json\/wp\/v2\/media?parent=5410"}],"wp:term":[{"taxonomy":"product_brand","embeddable":true,"href":"https:\/\/pedagogeek.eu\/woocommerce-inspecson\/wp-json\/wp\/v2\/product_brand?post=5410"},{"taxonomy":"product_cat","embeddable":true,"href":"https:\/\/pedagogeek.eu\/woocommerce-inspecson\/wp-json\/wp\/v2\/product_cat?post=5410"},{"taxonomy":"product_tag","embeddable":true,"href":"https:\/\/pedagogeek.eu\/woocommerce-inspecson\/wp-json\/wp\/v2\/product_tag?post=5410"}],"curies":[{"name":"wp","href":"https:\/\/api.w.org\/{rel}","templated":true}]}}