{"id":5407,"date":"2024-01-23T21:23:18","date_gmt":"2024-01-23T20:23:18","guid":{"rendered":"http:\/\/192.168.10.124\/?post_type=product&#038;p=5407"},"modified":"2024-01-27T16:49:04","modified_gmt":"2024-01-27T15:49:04","slug":"sony-srs-xb43","status":"publish","type":"product","link":"https:\/\/pedagogeek.eu\/woocommerce-inspecson\/produit\/sony-srs-xb43\/","title":{"rendered":"Sony SRS-XB43"},"content":{"rendered":"<div class=\"content\" tabindex=\"0\" aria-description=\"\">\n<div class=\"ac-container ac-adaptiveCard\">\n<div class=\"ac-textBlock\">\n<p>L\u2019enceinte Sony SRS-XB43 est le compagnon id\u00e9al pour vos soir\u00e9es\u00a0 festives entre amis, vos pique-niques en plein air ou vos escapades \u00e0 la plage. Gr\u00e2ce \u00e0 sa conception robuste et \u00e9tanche, elle r\u00e9siste aux chocs, \u00e0 la poussi\u00e8re et \u00e0 l\u2019eau (norme IP67). Elle dispose \u00e9galement d\u2019une batterie longue dur\u00e9e qui vous offre jusqu\u2019\u00e0 24 heures d\u2019autonomie, et d\u2019un port USB-A qui vous permet de recharger votre smartphone en cas de besoin.<\/p>\n<p>L\u2019enceinte Sony SRS-XB43 vous fait profiter d\u2019un son puissant et \u00e9quilibr\u00e9, gr\u00e2ce \u00e0 son syst\u00e8me de haut-parleurs deux voies compos\u00e9 de woofers et de tweeters. Elle int\u00e8gre \u00e9galement la technologie X-Balanced Speaker Unit, qui optimise la qualit\u00e9 du son et la pression acoustique. Vous pouvez choisir parmi plusieurs modes sonores, dont le mode Extra Bass, qui renforce les basses, le mode Live Sound, qui cr\u00e9e une ambiance de concert, et le mode Stamina, qui \u00e9conomise la batterie.<\/p>\n<p>L\u2019enceinte Sony SRS-XB43 vous offre \u00e9galement une exp\u00e9rience lumineuse et festive, avec son jeu de lumi\u00e8res multicolores qui se synchronise sur le rythme de la musique. Vous pouvez personnaliser les effets lumineux et les r\u00e9glages sonores depuis votre smartphone, gr\u00e2ce aux applications Sony Music Center.<\/p>\n<p>L\u2019enceinte Sony SRS-XB43 est facile \u00e0 utiliser et \u00e0 transporter, avec ses commandes intuitives et sa poign\u00e9e int\u00e9gr\u00e9e. Elle est compatible avec le Bluetooth 5.0, qui vous assure une connexion stable et une faible latence. Elle dispose aussi d\u2019une fonction mains libres, qui vous permet de r\u00e9pondre \u00e0 vos appels en gardant les mains libres. Et si vous voulez acc\u00e9der \u00e0 votre assistant vocal pr\u00e9f\u00e9r\u00e9, il vous suffit d\u2019appuyer sur le bouton d\u00e9di\u00e9.<\/p>\n<p>En toute circonstance, elle permet de recharger les appareils nomades avec sa fonction power Bank. Elle est livr\u00e9e avec un adaptateur secteur, un c\u00e2ble USB-C et un guide d\u2019utilisation. Elle b\u00e9n\u00e9ficie d\u2019une garantie constructeur de deux ans. Sony s&#8217;engage \u00e9galement en faveur de l&#8217;\u00e9cologie en favorisant la r\u00e9paration et le recyclage de ses produits.<\/p>\n<h3>Caract\u00e9ristiques techniques<\/h3>\n<div class=\"content\" tabindex=\"0\" aria-description=\"\">\n<div class=\"ac-container ac-adaptiveCard\">\n<div class=\"ac-textBlock\">\n<ul>\n<li>Type de haut-parleur : Woofer (G\/D)\/Tweeter (G\/D)<\/li>\n<li>Modes sonores : Clear Audio+, DSEE, LIVE SOUND, EXTRA BASS<\/li>\n<li>Puissance sonore 100w<\/li>\n<li>Autonomie de la batterie : Env. 24 h<\/li>\n<li>Poids : Env. 2 950 g<\/li>\n<li>Dimensions (L x H x P) : Env. 325 mm x 123 mm x 117 mm<\/li>\n<li>NFC : Oui<\/li>\n<li>Fonction mains libres : Oui<\/li>\n<li>Bluetooth : Version 5.0<\/li>\n<li>Codecs pris en charge : SBC, AAC, LDAC<\/li>\n<li>Bornes d\u2019entr\u00e9e et de sortie : Mini prise st\u00e9r\u00e9o (entr\u00e9e), port USB-A<\/li>\n<li>Applications smartphone compatibles : Sony<\/li>\n<li>Fonction Powerbank<\/li>\n<li>Port d\u2019alimentation USB pour smartphone : USB A (5 V, 1 A)<\/li>\n<li>R\u00e9sistance \u00e0 l\u2019eau : IP67<\/li>\n<li>Contenu de la bo\u00eete : Adaptateur secteur<\/li>\n<\/ul>\n<p>&nbsp;<\/p>\n<\/div>\n<div class=\"ac-horizontal-separator\" aria-hidden=\"true\"><\/div>\n<\/div>\n<\/div>\n<\/div>\n<\/div>\n<\/div>\n","protected":false},"excerpt":{"rendered":"<p>L\u2019enceinte Sony SRS-XB43 est une enceinte sans fil qui combine son, lumi\u00e8re et r\u00e9sistance. Elle vous accompagne partout avec sa batterie longue dur\u00e9e, sa connexion Bluetooth 5.0 et sa fonction mains libres. Elle vous fait vivre une exp\u00e9rience musicale immersive avec ses modes sonores et ses effets lumineux personnalisables<\/p>\n","protected":false},"author":1,"featured_media":5408,"comment_status":"open","ping_status":"closed","template":"","meta":{"_eb_attr":"","_uag_custom_page_level_css":""},"product_brand":[],"product_cat":[236],"product_tag":[],"class_list":{"0":"post-5407","1":"product","2":"type-product","3":"status-publish","4":"has-post-thumbnail","6":"product_cat-nomades","8":"first","9":"instock","10":"taxable","11":"shipping-taxable","12":"purchasable","13":"product-type-simple"},"uagb_featured_image_src":{"full":["https:\/\/pedagogeek.eu\/woocommerce-inspecson\/wp-content\/uploads\/2024\/01\/Design-sans-titre-1.png",800,800,false],"thumbnail":["https:\/\/pedagogeek.eu\/woocommerce-inspecson\/wp-content\/uploads\/2024\/01\/Design-sans-titre-1-150x150.png",150,150,true],"medium":["https:\/\/pedagogeek.eu\/woocommerce-inspecson\/wp-content\/uploads\/2024\/01\/Design-sans-titre-1-300x300.png",300,300,true],"medium_large":["https:\/\/pedagogeek.eu\/woocommerce-inspecson\/wp-content\/uploads\/2024\/01\/Design-sans-titre-1-768x768.png",768,768,true],"large":["https:\/\/pedagogeek.eu\/woocommerce-inspecson\/wp-content\/uploads\/2024\/01\/Design-sans-titre-1.png",800,800,false],"1536x1536":["https:\/\/pedagogeek.eu\/woocommerce-inspecson\/wp-content\/uploads\/2024\/01\/Design-sans-titre-1.png",800,800,false],"2048x2048":["https:\/\/pedagogeek.eu\/woocommerce-inspecson\/wp-content\/uploads\/2024\/01\/Design-sans-titre-1.png",800,800,false],"woocommerce_thumbnail":["https:\/\/pedagogeek.eu\/woocommerce-inspecson\/wp-content\/uploads\/2024\/01\/Design-sans-titre-1-300x300.png",300,300,true],"woocommerce_single":["https:\/\/pedagogeek.eu\/woocommerce-inspecson\/wp-content\/uploads\/2024\/01\/Design-sans-titre-1-600x600.png",600,600,true],"woocommerce_gallery_thumbnail":["https:\/\/pedagogeek.eu\/woocommerce-inspecson\/wp-content\/uploads\/2024\/01\/Design-sans-titre-1-100x100.png",100,100,true]},"uagb_author_info":{"display_name":"patrick reynaud","author_link":"https:\/\/pedagogeek.eu\/woocommerce-inspecson\/author\/rpfe26_admin\/"},"uagb_comment_info":0,"uagb_excerpt":"L\u2019enceinte Sony SRS-XB43 est une enceinte sans fil qui combine son, lumi\u00e8re et r\u00e9sistance. Elle vous accompagne partout avec sa batterie longue dur\u00e9e, sa connexion Bluetooth 5.0 et sa fonction mains libres. Elle vous fait vivre une exp\u00e9rience musicale immersive avec ses modes sonores et ses effets lumineux personnalisables","_links":{"self":[{"href":"https:\/\/pedagogeek.eu\/woocommerce-inspecson\/wp-json\/wp\/v2\/product\/5407","targetHints":{"allow":["GET"]}}],"collection":[{"href":"https:\/\/pedagogeek.eu\/woocommerce-inspecson\/wp-json\/wp\/v2\/product"}],"about":[{"href":"https:\/\/pedagogeek.eu\/woocommerce-inspecson\/wp-json\/wp\/v2\/types\/product"}],"author":[{"embeddable":true,"href":"https:\/\/pedagogeek.eu\/woocommerce-inspecson\/wp-json\/wp\/v2\/users\/1"}],"replies":[{"embeddable":true,"href":"https:\/\/pedagogeek.eu\/woocommerce-inspecson\/wp-json\/wp\/v2\/comments?post=5407"}],"wp:featuredmedia":[{"embeddable":true,"href":"https:\/\/pedagogeek.eu\/woocommerce-inspecson\/wp-json\/wp\/v2\/media\/5408"}],"wp:attachment":[{"href":"https:\/\/pedagogeek.eu\/woocommerce-inspecson\/wp-json\/wp\/v2\/media?parent=5407"}],"wp:term":[{"taxonomy":"product_brand","embeddable":true,"href":"https:\/\/pedagogeek.eu\/woocommerce-inspecson\/wp-json\/wp\/v2\/product_brand?post=5407"},{"taxonomy":"product_cat","embeddable":true,"href":"https:\/\/pedagogeek.eu\/woocommerce-inspecson\/wp-json\/wp\/v2\/product_cat?post=5407"},{"taxonomy":"product_tag","embeddable":true,"href":"https:\/\/pedagogeek.eu\/woocommerce-inspecson\/wp-json\/wp\/v2\/product_tag?post=5407"}],"curies":[{"name":"wp","href":"https:\/\/api.w.org\/{rel}","templated":true}]}}