{"id":5403,"date":"2024-01-23T20:48:56","date_gmt":"2024-01-23T19:48:56","guid":{"rendered":"http:\/\/192.168.10.124\/?post_type=product&#038;p=5403"},"modified":"2024-01-27T16:46:26","modified_gmt":"2024-01-27T15:46:26","slug":"5403","status":"publish","type":"product","link":"https:\/\/pedagogeek.eu\/woocommerce-inspecson\/produit\/5403\/","title":{"rendered":"JBL Charge 5"},"content":{"rendered":"<div class=\"content\" tabindex=\"0\" aria-description=\"\">\n<div class=\"ac-container ac-adaptiveCard\">\n<div class=\"ac-textBlock\">\n<p><strong>JBL Charge 5 : l\u2019enceinte portable qui vous accompagne partout<\/strong><\/p>\n<p>Vous cherchez une enceinte sans fil qui vous offre un son puissant, une autonomie longue dur\u00e9e et une r\u00e9sistance \u00e0 toute \u00e9preuve ? Ne cherchez plus, la JBL Charge 5 est faite pour vous !<\/p>\n<p>La JBL Charge 5 est une enceinte portable qui vous permet de profiter du son Pro Original JBL, avec un haut-parleur optimis\u00e9 de longue port\u00e9e, un tweeter s\u00e9par\u00e9 et deux radiateurs de basses. Que vous soyez \u00e0 la maison ou \u00e0 l&#8217;ext\u00e9rieur, vous serez \u00e9bloui.<\/p>\n<p>La JBL Charge 5 vous offre une autonomie de 20 heures, pour une \u00e9coute sans interruption. Et si votre smartphone ou votre tablette est \u00e0 court de batterie, pas de panique : vous pouvez les recharger gr\u00e2ce au port USB-A int\u00e9gr\u00e9 \u00e0 l\u2019enceinte. Pratique, non ?<\/p>\n<p>La JBL Charge 5 est con\u00e7ue pour r\u00e9sister aux al\u00e9as de la vie. Gr\u00e2ce \u00e0 sa certification IP51, elle est \u00e9tanche \u00e0 la poussi\u00e8re et \u00e0 la projection d&#8217;eau. Elle est \u00e9galement robuste et antichoc, pour vous suivre dans toutes vos aventures. Sa conception est \u00e9cologique et contient des mat\u00e9riaux recycl\u00e9s.\u00a0 En plus JBL s&#8217;engage pour la pr\u00e9servation de l&#8217;environnement en favorisant la r\u00e9paration et le recyclage des produits<\/p>\n<p>La JBL Charge 5 est facile \u00e0 utiliser et \u00e0 connecter. Vous pouvez la jumeler sans fil avec jusqu\u2019\u00e0 deux appareils Bluetooth, et passer facilement de l\u2019un \u00e0 l\u2019autre.\u00a0 Avec L\u2019application JBL Portable, vous pouvez personnaliser votre exp\u00e9rience sonore et acc\u00e9der \u00e0 des fonctionnalit\u00e9s suppl\u00e9mentaires.<\/p>\n<h3>Caract\u00e9ristiques techniques<\/h3>\n<div class=\"content\" tabindex=\"0\" aria-description=\"\">\n<div class=\"ac-container ac-adaptiveCard\">\n<div class=\"ac-textBlock\">\n<ul>\n<li>Dimensions : 96 x 220 x 93 mm<\/li>\n<li>Poids : 960 g<\/li>\n<li>Indice d\u2019\u00e9tanch\u00e9it\u00e9 : IP51 (non \u00e9tanche)<\/li>\n<li>Connectique : USB-C (pour la recharge de l\u2019enceinte)<\/li>\n<li>Connexion sans fil : Bluetooth 5.1<\/li>\n<li>Codecs Bluetooth support\u00e9s : SBC, AAC<\/li>\n<li>Latence Bluetooth mesur\u00e9e : 228 ms<\/li>\n<li>Autonomie mesur\u00e9e : 20 heures<\/li>\n<li>Applications : iOS, Android (permettent de personnaliser le son et d\u2019acc\u00e9der \u00e0 des fonctionnalit\u00e9s suppl\u00e9mentaires)<\/li>\n<li>Kit mains-libres : non<\/li>\n<li>Assistant vocal int\u00e9gr\u00e9 : non<\/li>\n<li>Batterie amovible : non<\/li>\n<li>jumelable jusqu&#8217;\u00e0 100 enceintes<\/li>\n<li>Fonction Powerbank<\/li>\n<li>Configuration acoustique : un haut-parleur optimis\u00e9 de longue port\u00e9e, un tweeter s\u00e9par\u00e9 et deux radiateurs de basses JBL<\/li>\n<li>Puissance : 50 W RMS<\/li>\n<li>R\u00e9ponse en fr\u00e9quence : 65 Hz &#8211; 20 kHz<\/li>\n<li>Rapport signal\/bruit : &gt; 80 dB<\/li>\n<\/ul>\n<\/div>\n<div class=\"ac-horizontal-separator\" aria-hidden=\"true\"><\/div>\n<\/div>\n<\/div>\n<p>&nbsp;<\/p>\n<\/div>\n<\/div>\n<\/div>\n","protected":false},"excerpt":{"rendered":"<p>D\u00e9couvrez la JBL Charge 5, l\u2019enceinte sans fil qui vous offre un son Pro Original JBL, avec des basses profondes et des aigus clairs. Profitez de 20 heures d\u2019autonomie, et rechargez vos appareils gr\u00e2ce au port USB-A. Emportez-la partout, elle est antichoc, et compatible avec d\u2019autres enceintes JBL PartyBoost.<\/p>\n","protected":false},"author":1,"featured_media":5405,"comment_status":"open","ping_status":"closed","template":"","meta":{"_eb_attr":"","_uag_custom_page_level_css":""},"product_brand":[],"product_cat":[236],"product_tag":[],"class_list":{"0":"post-5403","1":"product","2":"type-product","3":"status-publish","4":"has-post-thumbnail","6":"product_cat-nomades","8":"first","9":"instock","10":"taxable","11":"shipping-taxable","12":"purchasable","13":"product-type-simple"},"uagb_featured_image_src":{"full":["https:\/\/pedagogeek.eu\/woocommerce-inspecson\/wp-content\/uploads\/2024\/01\/2-e1706039590374.png",848,675,false],"thumbnail":["https:\/\/pedagogeek.eu\/woocommerce-inspecson\/wp-content\/uploads\/2024\/01\/2-e1706039590374-150x150.png",150,150,true],"medium":["https:\/\/pedagogeek.eu\/woocommerce-inspecson\/wp-content\/uploads\/2024\/01\/2-e1706039590374-300x239.png",300,239,true],"medium_large":["https:\/\/pedagogeek.eu\/woocommerce-inspecson\/wp-content\/uploads\/2024\/01\/2-e1706039590374-768x611.png",768,611,true],"large":["https:\/\/pedagogeek.eu\/woocommerce-inspecson\/wp-content\/uploads\/2024\/01\/2-1024x576.png",1024,576,true],"1536x1536":["https:\/\/pedagogeek.eu\/woocommerce-inspecson\/wp-content\/uploads\/2024\/01\/2-e1706039590374.png",848,675,false],"2048x2048":["https:\/\/pedagogeek.eu\/woocommerce-inspecson\/wp-content\/uploads\/2024\/01\/2-e1706039590374.png",848,675,false],"woocommerce_thumbnail":["https:\/\/pedagogeek.eu\/woocommerce-inspecson\/wp-content\/uploads\/2024\/01\/2-e1706039590374-300x300.png",300,300,true],"woocommerce_single":["https:\/\/pedagogeek.eu\/woocommerce-inspecson\/wp-content\/uploads\/2024\/01\/2-e1706039590374-600x478.png",600,478,true],"woocommerce_gallery_thumbnail":["https:\/\/pedagogeek.eu\/woocommerce-inspecson\/wp-content\/uploads\/2024\/01\/2-e1706039590374-100x100.png",100,100,true]},"uagb_author_info":{"display_name":"patrick reynaud","author_link":"https:\/\/pedagogeek.eu\/woocommerce-inspecson\/author\/rpfe26_admin\/"},"uagb_comment_info":0,"uagb_excerpt":"D\u00e9couvrez la JBL Charge 5, l\u2019enceinte sans fil qui vous offre un son Pro Original JBL, avec des basses profondes et des aigus clairs. Profitez de 20 heures d\u2019autonomie, et rechargez vos appareils gr\u00e2ce au port USB-A. Emportez-la partout, elle est antichoc, et compatible avec d\u2019autres enceintes JBL PartyBoost.","_links":{"self":[{"href":"https:\/\/pedagogeek.eu\/woocommerce-inspecson\/wp-json\/wp\/v2\/product\/5403","targetHints":{"allow":["GET"]}}],"collection":[{"href":"https:\/\/pedagogeek.eu\/woocommerce-inspecson\/wp-json\/wp\/v2\/product"}],"about":[{"href":"https:\/\/pedagogeek.eu\/woocommerce-inspecson\/wp-json\/wp\/v2\/types\/product"}],"author":[{"embeddable":true,"href":"https:\/\/pedagogeek.eu\/woocommerce-inspecson\/wp-json\/wp\/v2\/users\/1"}],"replies":[{"embeddable":true,"href":"https:\/\/pedagogeek.eu\/woocommerce-inspecson\/wp-json\/wp\/v2\/comments?post=5403"}],"wp:featuredmedia":[{"embeddable":true,"href":"https:\/\/pedagogeek.eu\/woocommerce-inspecson\/wp-json\/wp\/v2\/media\/5405"}],"wp:attachment":[{"href":"https:\/\/pedagogeek.eu\/woocommerce-inspecson\/wp-json\/wp\/v2\/media?parent=5403"}],"wp:term":[{"taxonomy":"product_brand","embeddable":true,"href":"https:\/\/pedagogeek.eu\/woocommerce-inspecson\/wp-json\/wp\/v2\/product_brand?post=5403"},{"taxonomy":"product_cat","embeddable":true,"href":"https:\/\/pedagogeek.eu\/woocommerce-inspecson\/wp-json\/wp\/v2\/product_cat?post=5403"},{"taxonomy":"product_tag","embeddable":true,"href":"https:\/\/pedagogeek.eu\/woocommerce-inspecson\/wp-json\/wp\/v2\/product_tag?post=5403"}],"curies":[{"name":"wp","href":"https:\/\/api.w.org\/{rel}","templated":true}]}}