{"id":3476,"date":"2023-04-26T17:13:16","date_gmt":"2023-04-26T16:13:16","guid":{"rendered":"http:\/\/192.168.10.124\/?page_id=3476"},"modified":"2024-09-25T08:43:55","modified_gmt":"2024-09-25T07:43:55","slug":"billets","status":"publish","type":"page","link":"https:\/\/pedagogeek.eu\/woocommerce-inspecson\/categories\/billets\/","title":{"rendered":"Le Portfolio"},"content":{"rendered":"\n<div class=\"wp-block-group has-background-color has-accent-background-color has-text-color has-background has-link-color wp-elements-a39525ca03fa5484cb917c5063d0d40a is-layout-constrained wp-block-group-is-layout-constrained\">\n<p>dans cet espace toutes les publications par \u00e9l\u00e8ve sont regroup\u00e9es.<\/p>\n\n\n\n<ul class=\"wp-block-list\">\n<li>Un carrousel par \u00e9l\u00e8ve  ou seul les enseignants et l&#8217;\u00e9l\u00e8ve concern\u00e9 peuvent consulter les publications <\/li>\n<\/ul>\n\n\n\n<p>dupliquer le carrousel de base en modifiant juste le nom de l&#8217;\u00e9l\u00e8ve<\/p>\n<\/div>\n\n\n<div class=\"root-eb-post-carousel-uk21d wp-block-essential-blocks-post-carousel\">\n    <div class=\"eb-parent-wrapper eb-parent-eb-post-carousel-uk21d \">\n        <div class=\"eb-post-carousel-uk21d style-1 slick-arrows equal-height dot-circle eb-post-carousel-wrapper\"\n            data-id=\"eb-post-carousel-uk21d\"\n            data-querydata=\"a:15:{s:6:&quot;source&quot;;s:4:&quot;post&quot;;s:11:&quot;sourceIndex&quot;;i:0;s:9:&quot;rest_base&quot;;s:5:&quot;posts&quot;;s:14:&quot;rest_namespace&quot;;s:5:&quot;wp\/v2&quot;;s:6:&quot;author&quot;;s:39:&quot;[{&quot;value&quot;:1,&quot;label&quot;:&quot;patrick reynaud&quot;}]&quot;;s:10:&quot;taxonomies&quot;;a:0:{}s:8:&quot;per_page&quot;;s:1:&quot;6&quot;;s:6:&quot;offset&quot;;s:1:&quot;0&quot;;s:7:&quot;orderby&quot;;s:4:&quot;date&quot;;s:5:&quot;order&quot;;s:4:&quot;desc&quot;;s:7:&quot;include&quot;;s:0:&quot;&quot;;s:7:&quot;exclude&quot;;s:0:&quot;&quot;;s:15:&quot;exclude_current&quot;;b:0;s:19:&quot;ignore_sticky_posts&quot;;b:0;s:26:&quot;exclude_password_protected&quot;;b:0;}\"\n            data-slidersettings=\"{&quot;arrows&quot;:true,&quot;dots&quot;:true,&quot;autoplaySpeed&quot;:3000,&quot;speed&quot;:500,&quot;adaptiveHeight&quot;:true,&quot;autoplay&quot;:true,&quot;infinite&quot;:true,&quot;pauseOnHover&quot;:true,&quot;slideToShowRange&quot;:3,&quot;leftArrowIcon&quot;:&quot;fas fa-chevron-circle-left&quot;,&quot;rightArrowIcon&quot;:&quot;fas fa-chevron-circle-right&quot;,&quot;addIcon&quot;:false,&quot;showFallbackImg&quot;:false,&quot;fallbackImgUrl&quot;:&quot;&quot;,&quot;isRTLEnable&quot;:false,&quot;TABslideToShowRange&quot;:2,&quot;MOBslideToShowRange&quot;:1}\"\n            data-attributes=\"{&quot;preset&quot;:&quot;style-1&quot;,&quot;showThumbnail&quot;:false,&quot;showTitle&quot;:true,&quot;titleLength&quot;:&quot;10&quot;,&quot;titleTag&quot;:&quot;h2&quot;,&quot;showContent&quot;:true,&quot;contentLength&quot;:20,&quot;expansionIndicator&quot;:&quot;...&quot;,&quot;showReadMore&quot;:false,&quot;readmoreText&quot;:&quot;Read More&quot;,&quot;showMeta&quot;:true,&quot;headerMeta&quot;:&quot;[{\\&quot;value\\&quot;:\\&quot;categories\\&quot;,\\&quot;label\\&quot;:\\&quot;Categories\\&quot;}]&quot;,&quot;footerMeta&quot;:&quot;[{\\&quot;value\\&quot;:\\&quot;avatar\\&quot;,\\&quot;label\\&quot;:\\&quot;Author Avatar\\&quot;},{\\&quot;value\\&quot;:\\&quot;author\\&quot;,\\&quot;label\\&quot;:\\&quot;Author Name\\&quot;},{\\&quot;value\\&quot;:\\&quot;date\\&quot;,\\&quot;label\\&quot;:\\&quot;Published Date\\&quot;}]&quot;,&quot;authorPrefix&quot;:&quot;by&quot;,&quot;datePrefix&quot;:&quot;on&quot;,&quot;showBlockContent&quot;:true,&quot;showFeaturedPost&quot;:false,&quot;featuredPostId&quot;:&quot;&quot;,&quot;showFeaturedPostTitle&quot;:true,&quot;showFeaturedPostContent&quot;:false,&quot;showFeaturedPostMeta&quot;:true,&quot;showFeaturedHeaderMeta&quot;:true,&quot;showFeaturedFooterMeta&quot;:true,&quot;featuredMetaItems&quot;:&quot;{}&quot;,&quot;featuredExcerptLength&quot;:10,&quot;leftArrowIcon&quot;:&quot;fas fa-chevron-circle-left&quot;,&quot;rightArrowIcon&quot;:&quot;fas fa-chevron-circle-right&quot;,&quot;showFallbackImg&quot;:false,&quot;isRTLEnable&quot;:false}\">\n\n            <div class=\"eb-post-carousel init-eb-post-carousel-uk21d\"\n                data-id=\"eb-post-carousel-uk21d\">\n                <article class=\"ebpg-carousel-post ebpg-post-carousel-column\" data-id=\"10421\"><div class=\"ebpg-carousel-post-holder\"><div class=\"ebpg-entry-wrapper\"><div class=\"ebpg-entry-meta ebpg-header-meta\"><div class=\"ebpg-entry-meta-items\"><div class=\"ebpg-meta ebpg-categories-meta\"><a href=\"https:\/\/pedagogeek.eu\/woocommerce-inspecson\/category\/pedagogie\/\" title=\"P\u00e9dagogie\">P\u00e9dagogie<\/a><\/div><\/div><\/div><header class=\"ebpg-entry-header\">\n            <h2 class=\"ebpg-entry-title\">\n                <a class=\"ebpg-carousel-post-link\" href=\"https:\/\/pedagogeek.eu\/woocommerce-inspecson\/cooperer-differencier-evaluer\/\" title=\"cooprer-diffrencier-evaluer\">Coop\u00e9rer &#8211; Diff\u00e9rencier -Evaluer<\/a>\n            <\/h2>\n        <\/header><div class=\"ebpg-entry-content\"><div class=\"ebpg-carousel-post-excerpt\">\n            <p>50 Minutes \n\n\n\n\n\nUne activit\u00e9 de d\u00e9couverte pour initier la coop\u00e9ration et la diff\u00e9renciation\n\n\n\n\nQuelques Bases avant de commencer   \n\n\n\n\n\n\n\n\nA&#8230;<\/p>\n        <\/div><\/div><div class=\"ebpg-entry-meta ebpg-footer-meta\"><div class=\"ebpg-author-avatar\">\n            <a href=\"https:\/\/pedagogeek.eu\/woocommerce-inspecson\/author\/rpfe26_admin\/\">\n                <img decoding=\"async\" alt=\"patrick reynaud\" src=\"https:\/\/secure.gravatar.com\/avatar\/154b4bf09ce80a859bd4badac5b9503e2793f6bc74539c2619f988cb7d811f8b?s=96&amp;d=mm&amp;r=g\" \/>\n            <\/a>\n        <\/div><div class=\"ebpg-entry-meta-items\"><span class=\"ebpg-posted-by\">\n            by <a href=\"https:\/\/pedagogeek.eu\/woocommerce-inspecson\/author\/rpfe26_admin\/\" title=\"patrick reynaud\" rel=\"author\">patrick reynaud<\/a>\n        <\/span><span class=\"ebpg-posted-on\">\n            on <time dateTime=\"2024-10-06T08:53:33+02:00\">06\/10\/2024<\/time>\n        <\/span><\/div><\/div><\/div><\/div><\/article><article class=\"ebpg-carousel-post ebpg-post-carousel-column\" data-id=\"10181\"><div class=\"ebpg-carousel-post-holder\"><div class=\"ebpg-entry-wrapper\"><div class=\"ebpg-entry-meta ebpg-header-meta\"><div class=\"ebpg-entry-meta-items\"><div class=\"ebpg-meta ebpg-categories-meta\"><a href=\"https:\/\/pedagogeek.eu\/woocommerce-inspecson\/category\/tutoriels\/\" title=\"tutoriels\">tutoriels<\/a><\/div><\/div><\/div><header class=\"ebpg-entry-header\">\n            <h2 class=\"ebpg-entry-title\">\n                <a class=\"ebpg-carousel-post-link\" href=\"https:\/\/pedagogeek.eu\/woocommerce-inspecson\/modifier-le-site-en-5mn-chrono\/\" title=\"modifierlesiteen5mnchrono\">Modifier le site en 5mn chrono<\/a>\n            <\/h2>\n        <\/header><div class=\"ebpg-entry-content\"><div class=\"ebpg-carousel-post-excerpt\">\n            <p>Ici vous pouvez retrouver la liste des logos et icones du site \n\n\n\nLien\n\n\n\n\n\n\n\nIci vous pouvez retrouver la liste des bandeaux&#8230;<\/p>\n        <\/div><\/div><div class=\"ebpg-entry-meta ebpg-footer-meta\"><div class=\"ebpg-author-avatar\">\n            <a href=\"https:\/\/pedagogeek.eu\/woocommerce-inspecson\/author\/rpfe26_admin\/\">\n                <img decoding=\"async\" alt=\"patrick reynaud\" src=\"https:\/\/secure.gravatar.com\/avatar\/154b4bf09ce80a859bd4badac5b9503e2793f6bc74539c2619f988cb7d811f8b?s=96&amp;d=mm&amp;r=g\" \/>\n            <\/a>\n        <\/div><div class=\"ebpg-entry-meta-items\"><span class=\"ebpg-posted-by\">\n            by <a href=\"https:\/\/pedagogeek.eu\/woocommerce-inspecson\/author\/rpfe26_admin\/\" title=\"patrick reynaud\" rel=\"author\">patrick reynaud<\/a>\n        <\/span><span class=\"ebpg-posted-on\">\n            on <time dateTime=\"2024-09-29T16:43:12+02:00\">29\/09\/2024<\/time>\n        <\/span><\/div><\/div><\/div><\/div><\/article><article class=\"ebpg-carousel-post ebpg-post-carousel-column\" data-id=\"9745\"><div class=\"ebpg-carousel-post-holder\"><div class=\"ebpg-entry-wrapper\"><div class=\"ebpg-entry-meta ebpg-header-meta\"><div class=\"ebpg-entry-meta-items\"><div class=\"ebpg-meta ebpg-categories-meta\"><a href=\"https:\/\/pedagogeek.eu\/woocommerce-inspecson\/category\/tp\/\" title=\"Les TP\">Les TP<\/a><a href=\"https:\/\/pedagogeek.eu\/woocommerce-inspecson\/category\/professionnel\/\" title=\"Professionnel\">Professionnel<\/a><\/div><\/div><\/div><header class=\"ebpg-entry-header\">\n            <h2 class=\"ebpg-entry-title\">\n                <a class=\"ebpg-carousel-post-link\" href=\"https:\/\/pedagogeek.eu\/woocommerce-inspecson\/le-compte-client\/\" title=\"lecompteclient\">le compte client<\/a>\n            <\/h2>\n        <\/header><div class=\"ebpg-entry-content\"><div class=\"ebpg-carousel-post-excerpt\">\n            <p>Dur\u00e9e 50 minutes\n\n\n\n\nVous venez d&#8217;\u00eatre recrut\u00e9 chez Inspecson \n\n\n\n\n\n\n\n\nR\u00e9alise les activit\u00e9s les une apr\u00e8s les autres. Prends bien le temps&#8230;<\/p>\n        <\/div><\/div><div class=\"ebpg-entry-meta ebpg-footer-meta\"><div class=\"ebpg-author-avatar\">\n            <a href=\"https:\/\/pedagogeek.eu\/woocommerce-inspecson\/author\/rpfe26_admin\/\">\n                <img decoding=\"async\" alt=\"patrick reynaud\" src=\"https:\/\/secure.gravatar.com\/avatar\/154b4bf09ce80a859bd4badac5b9503e2793f6bc74539c2619f988cb7d811f8b?s=96&amp;d=mm&amp;r=g\" \/>\n            <\/a>\n        <\/div><div class=\"ebpg-entry-meta-items\"><span class=\"ebpg-posted-by\">\n            by <a href=\"https:\/\/pedagogeek.eu\/woocommerce-inspecson\/author\/rpfe26_admin\/\" title=\"patrick reynaud\" rel=\"author\">patrick reynaud<\/a>\n        <\/span><span class=\"ebpg-posted-on\">\n            on <time dateTime=\"2024-06-29T14:56:10+02:00\">29\/06\/2024<\/time>\n        <\/span><\/div><\/div><\/div><\/div><\/article><article class=\"ebpg-carousel-post ebpg-post-carousel-column\" data-id=\"9713\"><div class=\"ebpg-carousel-post-holder\"><div class=\"ebpg-entry-wrapper\"><div class=\"ebpg-entry-meta ebpg-header-meta\"><div class=\"ebpg-entry-meta-items\"><div class=\"ebpg-meta ebpg-categories-meta\"><a href=\"https:\/\/pedagogeek.eu\/woocommerce-inspecson\/category\/pedagogie\/\" title=\"P\u00e9dagogie\">P\u00e9dagogie<\/a><\/div><\/div><\/div><header class=\"ebpg-entry-header\">\n            <h2 class=\"ebpg-entry-title\">\n                <a class=\"ebpg-carousel-post-link\" href=\"https:\/\/pedagogeek.eu\/woocommerce-inspecson\/puzzle\/\" title=\"padclassepuzzleusagedunumriqueeducatif\">Pad Classe puzzle usage du num\u00e9rique educatif<\/a>\n            <\/h2>\n        <\/header><div class=\"ebpg-entry-content\"><div class=\"ebpg-carousel-post-excerpt\">\n            <p>Pour acc\u00e9der au support en pleine page \n\n\n\n\n\n\nIci&#8230;<\/p>\n        <\/div><\/div><div class=\"ebpg-entry-meta ebpg-footer-meta\"><div class=\"ebpg-author-avatar\">\n            <a href=\"https:\/\/pedagogeek.eu\/woocommerce-inspecson\/author\/rpfe26_admin\/\">\n                <img decoding=\"async\" alt=\"patrick reynaud\" src=\"https:\/\/secure.gravatar.com\/avatar\/154b4bf09ce80a859bd4badac5b9503e2793f6bc74539c2619f988cb7d811f8b?s=96&amp;d=mm&amp;r=g\" \/>\n            <\/a>\n        <\/div><div class=\"ebpg-entry-meta-items\"><span class=\"ebpg-posted-by\">\n            by <a href=\"https:\/\/pedagogeek.eu\/woocommerce-inspecson\/author\/rpfe26_admin\/\" title=\"patrick reynaud\" rel=\"author\">patrick reynaud<\/a>\n        <\/span><span class=\"ebpg-posted-on\">\n            on <time dateTime=\"2024-06-28T12:22:53+02:00\">28\/06\/2024<\/time>\n        <\/span><\/div><\/div><\/div><\/div><\/article><article class=\"ebpg-carousel-post ebpg-post-carousel-column\" data-id=\"9666\"><div class=\"ebpg-carousel-post-holder\"><div class=\"ebpg-entry-wrapper\"><div class=\"ebpg-entry-meta ebpg-header-meta\"><div class=\"ebpg-entry-meta-items\"><div class=\"ebpg-meta ebpg-categories-meta\"><a href=\"https:\/\/pedagogeek.eu\/woocommerce-inspecson\/category\/pedagogie\/\" title=\"P\u00e9dagogie\">P\u00e9dagogie<\/a><\/div><\/div><\/div><header class=\"ebpg-entry-header\">\n            <h2 class=\"ebpg-entry-title\">\n                <a class=\"ebpg-carousel-post-link\" href=\"https:\/\/pedagogeek.eu\/woocommerce-inspecson\/oxatis\/\" title=\"oxatis\">Oxatis<\/a>\n            <\/h2>\n        <\/header><div class=\"ebpg-entry-content\"><div class=\"ebpg-carousel-post-excerpt\">\n            <p>Pour Vous Initier \u00e0 l&#8217;utilisation professionnelle du Digital, je vous propose une petite aventure ! \n\n\n\nSuivez le Guide \n\n\n\n\n\n\n\n\n\n\n\n\n\n\n\n\n\n\n\n\n\nLien vers&#8230;<\/p>\n        <\/div><\/div><div class=\"ebpg-entry-meta ebpg-footer-meta\"><div class=\"ebpg-author-avatar\">\n            <a href=\"https:\/\/pedagogeek.eu\/woocommerce-inspecson\/author\/rpfe26_admin\/\">\n                <img decoding=\"async\" alt=\"patrick reynaud\" src=\"https:\/\/secure.gravatar.com\/avatar\/154b4bf09ce80a859bd4badac5b9503e2793f6bc74539c2619f988cb7d811f8b?s=96&amp;d=mm&amp;r=g\" \/>\n            <\/a>\n        <\/div><div class=\"ebpg-entry-meta-items\"><span class=\"ebpg-posted-by\">\n            by <a href=\"https:\/\/pedagogeek.eu\/woocommerce-inspecson\/author\/rpfe26_admin\/\" title=\"patrick reynaud\" rel=\"author\">patrick reynaud<\/a>\n        <\/span><span class=\"ebpg-posted-on\">\n            on <time dateTime=\"2024-06-27T15:18:49+02:00\">27\/06\/2024<\/time>\n        <\/span><\/div><\/div><\/div><\/div><\/article><article class=\"ebpg-carousel-post ebpg-post-carousel-column\" data-id=\"9682\"><div class=\"ebpg-carousel-post-holder\"><div class=\"ebpg-entry-wrapper\"><div class=\"ebpg-entry-meta ebpg-header-meta\"><div class=\"ebpg-entry-meta-items\"><div class=\"ebpg-meta ebpg-categories-meta\"><a href=\"https:\/\/pedagogeek.eu\/woocommerce-inspecson\/category\/pedagogie\/\" title=\"P\u00e9dagogie\">P\u00e9dagogie<\/a><\/div><\/div><\/div><header class=\"ebpg-entry-header\">\n            <h2 class=\"ebpg-entry-title\">\n                <a class=\"ebpg-carousel-post-link\" href=\"https:\/\/pedagogeek.eu\/woocommerce-inspecson\/parchemin-oxatis\/\" title=\"parcheminoxatis\">parchemin oxatis<\/a>\n            <\/h2>\n        <\/header><div class=\"ebpg-entry-content\"><div class=\"ebpg-carousel-post-excerpt\">\n            <p>La Qu\u00eate de l\u2019Elixir du savoir commence ici.\nNous voil\u00e0 sur la page d\u2019accueil d\u2019Oxatis. Avant de r\u00e9soudre une premi\u00e8re E-charade,&#8230;<\/p>\n        <\/div><\/div><div class=\"ebpg-entry-meta ebpg-footer-meta\"><div class=\"ebpg-author-avatar\">\n            <a href=\"https:\/\/pedagogeek.eu\/woocommerce-inspecson\/author\/rpfe26_admin\/\">\n                <img decoding=\"async\" alt=\"patrick reynaud\" src=\"https:\/\/secure.gravatar.com\/avatar\/154b4bf09ce80a859bd4badac5b9503e2793f6bc74539c2619f988cb7d811f8b?s=96&amp;d=mm&amp;r=g\" \/>\n            <\/a>\n        <\/div><div class=\"ebpg-entry-meta-items\"><span class=\"ebpg-posted-by\">\n            by <a href=\"https:\/\/pedagogeek.eu\/woocommerce-inspecson\/author\/rpfe26_admin\/\" title=\"patrick reynaud\" rel=\"author\">patrick reynaud<\/a>\n        <\/span><span class=\"ebpg-posted-on\">\n            on <time dateTime=\"2024-06-27T14:41:35+02:00\">27\/06\/2024<\/time>\n        <\/span><\/div><\/div><\/div><\/div><\/article>            <\/div>\n        <\/div>\n    <\/div>\n<\/div>\n\n\n<p><\/p>\n","protected":false},"excerpt":{"rendered":"<p>dans cet espace toutes les publications par \u00e9l\u00e8ve sont regroup\u00e9es. dupliquer le carrousel de base en modifiant juste le nom de l&#8217;\u00e9l\u00e8ve<\/p>\n","protected":false},"author":1,"featured_media":0,"parent":3487,"menu_order":7,"comment_status":"closed","ping_status":"closed","template":"","meta":{"_eb_attr":"","_uag_custom_page_level_css":"","footnotes":""},"class_list":["post-3476","page","type-page","status-publish","hentry"],"uagb_featured_image_src":{"full":false,"thumbnail":false,"medium":false,"medium_large":false,"large":false,"1536x1536":false,"2048x2048":false,"woocommerce_thumbnail":false,"woocommerce_single":false,"woocommerce_gallery_thumbnail":false},"uagb_author_info":{"display_name":"patrick reynaud","author_link":"https:\/\/pedagogeek.eu\/woocommerce-inspecson\/author\/rpfe26_admin\/"},"uagb_comment_info":0,"uagb_excerpt":"dans cet espace toutes les publications par \u00e9l\u00e8ve sont regroup\u00e9es. dupliquer le carrousel de base en modifiant juste le nom de l&#8217;\u00e9l\u00e8ve","_links":{"self":[{"href":"https:\/\/pedagogeek.eu\/woocommerce-inspecson\/wp-json\/wp\/v2\/pages\/3476","targetHints":{"allow":["GET"]}}],"collection":[{"href":"https:\/\/pedagogeek.eu\/woocommerce-inspecson\/wp-json\/wp\/v2\/pages"}],"about":[{"href":"https:\/\/pedagogeek.eu\/woocommerce-inspecson\/wp-json\/wp\/v2\/types\/page"}],"author":[{"embeddable":true,"href":"https:\/\/pedagogeek.eu\/woocommerce-inspecson\/wp-json\/wp\/v2\/users\/1"}],"replies":[{"embeddable":true,"href":"https:\/\/pedagogeek.eu\/woocommerce-inspecson\/wp-json\/wp\/v2\/comments?post=3476"}],"version-history":[{"count":0,"href":"https:\/\/pedagogeek.eu\/woocommerce-inspecson\/wp-json\/wp\/v2\/pages\/3476\/revisions"}],"up":[{"embeddable":true,"href":"https:\/\/pedagogeek.eu\/woocommerce-inspecson\/wp-json\/wp\/v2\/pages\/3487"}],"wp:attachment":[{"href":"https:\/\/pedagogeek.eu\/woocommerce-inspecson\/wp-json\/wp\/v2\/media?parent=3476"}],"curies":[{"name":"wp","href":"https:\/\/api.w.org\/{rel}","templated":true}]}}