{"id":3472,"date":"2023-04-26T17:12:06","date_gmt":"2023-04-26T16:12:06","guid":{"rendered":"http:\/\/192.168.10.124\/?page_id=3472"},"modified":"2024-10-09T08:26:30","modified_gmt":"2024-10-09T06:26:30","slug":"activites","status":"publish","type":"page","link":"https:\/\/pedagogeek.eu\/woocommerce-inspecson\/categories\/activites\/","title":{"rendered":"Les Activit\u00e9s"},"content":{"rendered":"\n<p>Vous pouvez retrouver ici<\/p>\n\n\n\n<ul class=\"wp-block-list\">\n<li>Des activit\u00e9s de d\u00e9couverte <\/li>\n\n\n\n<li>Des activit\u00e9s de perfectionnement <\/li>\n\n\n\n<li><\/li>\n<\/ul>\n\n\n\n<div class=\"wp-block-uagb-container uagb-block-f059b08b alignfull uagb-is-root-container\"><div class=\"uagb-container-inner-blocks-wrap\">\n<div class=\"wp-block-uagb-container uagb-block-bd0dc6c8\">\n<div class=\"wp-block-group is-layout-constrained wp-block-group-is-layout-constrained\">\n<h2 class=\"wp-block-heading has-accent-color has-text-color\" style=\"margin-top:var(--wp--preset--spacing--40);margin-bottom:var(--wp--preset--spacing--40);text-transform:capitalize\">Le Professionnel <\/h2>\n\n\n<p>[catlist order=desc numberposts=5 pagination=yes  name=activites+professionnel]<\/p>\n<\/div>\n<\/div>\n\n\n\n<div class=\"wp-block-uagb-container uagb-block-662228aa\">\n<div class=\"wp-block-group is-layout-constrained wp-block-group-is-layout-constrained\">\n<h2 class=\"wp-block-heading has-accent-color has-text-color\" style=\"margin-top:var(--wp--preset--spacing--40);margin-bottom:var(--wp--preset--spacing--40);text-transform:capitalize\">La sp\u00e9cialit\u00e9 <\/h2>\n\n\n<p>[catlist order=desc numberposts=5 pagination=yes  name=activites+specialite]<\/p>\n<\/div>\n<\/div>\n\n\n\n<div class=\"wp-block-uagb-container uagb-block-841735c0\">\n<div class=\"wp-block-group is-layout-constrained wp-block-group-is-layout-constrained\">\n<h2 class=\"wp-block-heading has-accent-color has-text-color\" style=\"margin-top:var(--wp--preset--spacing--40);margin-bottom:var(--wp--preset--spacing--40);text-transform:capitalize\">L&#8217;\u00e9conomie Droit <\/h2>\n\n\n<p>[catlist order=desc numberposts=5 pagination=yes<br \/>\n name=activites+eco-droit]<\/p>\n<\/div>\n<\/div>\n<\/div><\/div>\n","protected":false},"excerpt":{"rendered":"<p>Vous pouvez retrouver ici Le Professionnel La sp\u00e9cialit\u00e9 L&#8217;\u00e9conomie Droit<\/p>\n","protected":false},"author":1,"featured_media":0,"parent":3487,"menu_order":3,"comment_status":"closed","ping_status":"closed","template":"","meta":{"_eb_attr":"","_uag_custom_page_level_css":"","footnotes":""},"class_list":["post-3472","page","type-page","status-publish","hentry"],"uagb_featured_image_src":{"full":false,"thumbnail":false,"medium":false,"medium_large":false,"large":false,"1536x1536":false,"2048x2048":false,"woocommerce_thumbnail":false,"woocommerce_single":false,"woocommerce_gallery_thumbnail":false},"uagb_author_info":{"display_name":"patrick reynaud","author_link":"https:\/\/pedagogeek.eu\/woocommerce-inspecson\/author\/rpfe26_admin\/"},"uagb_comment_info":0,"uagb_excerpt":"Vous pouvez retrouver ici Le Professionnel La sp\u00e9cialit\u00e9 L&#8217;\u00e9conomie Droit","_links":{"self":[{"href":"https:\/\/pedagogeek.eu\/woocommerce-inspecson\/wp-json\/wp\/v2\/pages\/3472","targetHints":{"allow":["GET"]}}],"collection":[{"href":"https:\/\/pedagogeek.eu\/woocommerce-inspecson\/wp-json\/wp\/v2\/pages"}],"about":[{"href":"https:\/\/pedagogeek.eu\/woocommerce-inspecson\/wp-json\/wp\/v2\/types\/page"}],"author":[{"embeddable":true,"href":"https:\/\/pedagogeek.eu\/woocommerce-inspecson\/wp-json\/wp\/v2\/users\/1"}],"replies":[{"embeddable":true,"href":"https:\/\/pedagogeek.eu\/woocommerce-inspecson\/wp-json\/wp\/v2\/comments?post=3472"}],"version-history":[{"count":1,"href":"https:\/\/pedagogeek.eu\/woocommerce-inspecson\/wp-json\/wp\/v2\/pages\/3472\/revisions"}],"predecessor-version":[{"id":10536,"href":"https:\/\/pedagogeek.eu\/woocommerce-inspecson\/wp-json\/wp\/v2\/pages\/3472\/revisions\/10536"}],"up":[{"embeddable":true,"href":"https:\/\/pedagogeek.eu\/woocommerce-inspecson\/wp-json\/wp\/v2\/pages\/3487"}],"wp:attachment":[{"href":"https:\/\/pedagogeek.eu\/woocommerce-inspecson\/wp-json\/wp\/v2\/media?parent=3472"}],"curies":[{"name":"wp","href":"https:\/\/api.w.org\/{rel}","templated":true}]}}