{"id":2904,"date":"2023-04-09T16:10:36","date_gmt":"2023-04-09T15:10:36","guid":{"rendered":"http:\/\/192.168.10.124\/?page_id=2904"},"modified":"2023-04-09T16:23:27","modified_gmt":"2023-04-09T15:23:27","slug":"nos-prestations","status":"publish","type":"page","link":"https:\/\/pedagogeek.eu\/woocommerce-inspecson\/magasin\/nos-prestations\/","title":{"rendered":"Nos prestations"},"content":{"rendered":"\n<h2 class=\"wp-block-heading\">Nos r\u00e9alisations&nbsp;<\/h2>\n\n\n\n<div class=\"wp-block-group is-nowrap is-layout-flex wp-container-core-group-is-layout-6c531013 wp-block-group-is-layout-flex\">\n<div class=\"wp-block-group is-vertical is-layout-flex wp-container-core-group-is-layout-2aed03d6 wp-block-group-is-layout-flex\" style=\"border-width:1px;padding-top:var(--wp--preset--spacing--30);padding-right:var(--wp--preset--spacing--30);padding-bottom:var(--wp--preset--spacing--30);padding-left:var(--wp--preset--spacing--30)\">\n<figure class=\"wp-block-image\"><img decoding=\"async\" src=\"https:\/\/educ-ac-grenoble.oxatis.com\/files\/131469\/img\/09\/produits-9-.png\" alt=\"\"\/><\/figure>\n\n\n\n<p>R\u00e9alisation d&#8217;un espace cin\u00e9ma dans une pi\u00e8ced de 9 m2 en appartement<\/p>\n<\/div>\n\n\n\n<div class=\"wp-block-group is-vertical is-layout-flex wp-container-core-group-is-layout-2aed03d6 wp-block-group-is-layout-flex\" style=\"border-width:1px;padding-top:var(--wp--preset--spacing--30);padding-right:var(--wp--preset--spacing--30);padding-bottom:var(--wp--preset--spacing--30);padding-left:var(--wp--preset--spacing--30)\">\n<figure class=\"wp-block-image\"><img decoding=\"async\" src=\"https:\/\/educ-ac-grenoble.oxatis.com\/files\/131469\/img\/15\/produits-10-.png\" alt=\"\"\/><\/figure>\n\n\n\n<p><em>R\u00e9alisation d&#8217;un espace cin\u00e9ma \u00e9ph\u00e9m\u00e8re en ext\u00e9rieur&nbsp;<\/em><\/p>\n<\/div>\n<\/div>\n\n\n\n<div class=\"wp-block-group is-content-justification-right is-nowrap is-layout-flex wp-container-core-group-is-layout-17124a9a wp-block-group-is-layout-flex\">\n<p>Cr\u00e9ation d&#8217;un mini cin\u00e9ma dans une villa de luxe<\/p>\n\n\n\n<figure class=\"wp-block-image\"><img decoding=\"async\" src=\"https:\/\/educ-ac-grenoble.oxatis.com\/files\/131469\/img\/09\/produits-7-.png\" alt=\"\"\/><\/figure>\n<\/div>\n\n\n\n<div class=\"wp-block-group is-nowrap is-layout-flex wp-container-core-group-is-layout-6c531013 wp-block-group-is-layout-flex\">\n<figure class=\"wp-block-image\"><img decoding=\"async\" src=\"https:\/\/educ-ac-grenoble.oxatis.com\/files\/131469\/img\/09\/produits-11-.png\" alt=\"\"\/><\/figure>\n\n\n\n<div class=\"wp-block-group is-vertical is-layout-flex wp-container-core-group-is-layout-fe9cc265 wp-block-group-is-layout-flex\">\n<p><strong>Sonorisation d&#8217;espaces commerciaux<\/strong><\/p>\n\n\n\n<p><strong>&#8211; Boutiques<\/strong><\/p>\n\n\n\n<p><strong>&#8211; Galeries Marchandes&nbsp;<\/strong><\/p>\n\n\n\n<p><strong>&#8211; GSS&nbsp;<\/strong><\/p>\n<\/div>\n<\/div>\n\n\n\n<div class=\"wp-block-group is-content-justification-right is-nowrap is-layout-flex wp-container-core-group-is-layout-17124a9a wp-block-group-is-layout-flex\">\n<div class=\"wp-block-group is-vertical is-layout-flex wp-container-core-group-is-layout-fe9cc265 wp-block-group-is-layout-flex\">\n<p><strong>Prise de mesure et r\u00e9alisation de plan en 3d<\/strong><\/p>\n\n\n\n<p><a href=\"javascript:window.open('EmailPopupWnd.asp?EMTO=inspecson@ac-grenoble.fr&amp;EMSJ=Demande%20d%27information%20concernant%20une%20implantation%27,%27HLWindow8%27,%27scrollbars=yes,resizable=yes,left=619.5,top=276.5,width=500,height=426%27);void(0);\">Contactez nous<\/a><\/p>\n\n\n\n<p><a href=\"javascript:window.open('EmailPopupWnd.asp?EMTO=commercial@acgrenoble.fr&amp;EMSJ=demande%20de%20devis%27,%27HLWindow8%27,%27scrollbars=yes,resizable=yes,left=619.5,top=276.5,width=500,height=426%27);void(0);\">Demandez un devis<\/a><\/p>\n<\/div>\n\n\n\n<figure class=\"wp-block-image\"><img decoding=\"async\" src=\"https:\/\/educ-ac-grenoble.oxatis.com\/files\/131469\/img\/12\/produits-8-.png\" alt=\"\"\/><\/figure>\n<\/div>\n","protected":false},"excerpt":{"rendered":"<p>Nos r\u00e9alisations&nbsp; R\u00e9alisation d&#8217;un espace cin\u00e9ma dans une pi\u00e8ced de 9 m2 en appartement R\u00e9alisation d&#8217;un espace cin\u00e9ma \u00e9ph\u00e9m\u00e8re en ext\u00e9rieur&nbsp; Cr\u00e9ation d&#8217;un mini cin\u00e9ma dans une villa de luxe Sonorisation d&#8217;espaces commerciaux &#8211; Boutiques &#8211; Galeries Marchandes&nbsp; &#8211; GSS&nbsp; Prise de mesure et r\u00e9alisation de plan en 3d Contactez nous Demandez un devis<\/p>\n","protected":false},"author":1,"featured_media":0,"parent":2090,"menu_order":0,"comment_status":"closed","ping_status":"closed","template":"wp-custom-template-magasin-2","meta":{"_eb_attr":"","_uag_custom_page_level_css":"","footnotes":""},"class_list":["post-2904","page","type-page","status-publish","hentry"],"uagb_featured_image_src":{"full":false,"thumbnail":false,"medium":false,"medium_large":false,"large":false,"1536x1536":false,"2048x2048":false,"woocommerce_thumbnail":false,"woocommerce_single":false,"woocommerce_gallery_thumbnail":false},"uagb_author_info":{"display_name":"patrick reynaud","author_link":"https:\/\/pedagogeek.eu\/woocommerce-inspecson\/author\/rpfe26_admin\/"},"uagb_comment_info":0,"uagb_excerpt":"Nos r\u00e9alisations&nbsp; R\u00e9alisation d&#8217;un espace cin\u00e9ma dans une pi\u00e8ced de 9 m2 en appartement R\u00e9alisation d&#8217;un espace cin\u00e9ma \u00e9ph\u00e9m\u00e8re en ext\u00e9rieur&nbsp; Cr\u00e9ation d&#8217;un mini cin\u00e9ma dans une villa de luxe Sonorisation d&#8217;espaces commerciaux &#8211; Boutiques &#8211; Galeries Marchandes&nbsp; &#8211; GSS&nbsp; Prise de mesure et r\u00e9alisation de plan en 3d Contactez nous Demandez un devis","_links":{"self":[{"href":"https:\/\/pedagogeek.eu\/woocommerce-inspecson\/wp-json\/wp\/v2\/pages\/2904","targetHints":{"allow":["GET"]}}],"collection":[{"href":"https:\/\/pedagogeek.eu\/woocommerce-inspecson\/wp-json\/wp\/v2\/pages"}],"about":[{"href":"https:\/\/pedagogeek.eu\/woocommerce-inspecson\/wp-json\/wp\/v2\/types\/page"}],"author":[{"embeddable":true,"href":"https:\/\/pedagogeek.eu\/woocommerce-inspecson\/wp-json\/wp\/v2\/users\/1"}],"replies":[{"embeddable":true,"href":"https:\/\/pedagogeek.eu\/woocommerce-inspecson\/wp-json\/wp\/v2\/comments?post=2904"}],"version-history":[{"count":0,"href":"https:\/\/pedagogeek.eu\/woocommerce-inspecson\/wp-json\/wp\/v2\/pages\/2904\/revisions"}],"up":[{"embeddable":true,"href":"https:\/\/pedagogeek.eu\/woocommerce-inspecson\/wp-json\/wp\/v2\/pages\/2090"}],"wp:attachment":[{"href":"https:\/\/pedagogeek.eu\/woocommerce-inspecson\/wp-json\/wp\/v2\/media?parent=2904"}],"curies":[{"name":"wp","href":"https:\/\/api.w.org\/{rel}","templated":true}]}}